{"id":1065,"date":"2026-01-19T20:22:40","date_gmt":"2026-01-19T19:22:40","guid":{"rendered":"https:\/\/www.mainsa.com\/mainsa\/"},"modified":"2026-02-20T18:17:46","modified_gmt":"2026-02-20T17:17:46","slug":"mainsa","status":"publish","type":"page","link":"https:\/\/www.mainsa.com\/fr\/","title":{"rendered":"Mainsa"},"content":{"rendered":"<section class=\"block-wrapper block-wrapper-cfb height-auto corporate block-wrapper-header background-as-attr bg-norepeat\" data-image-src=\"https:\/\/www.mainsa.com\/wp-content\/uploads\/2026\/01\/mainsa-hero.jpg\"><div class=\"container\"><div class=\"block-in-wrapper\"><h1 class=\"block-title\">Solutions de publicit\u00e9 sur le lieu de vente con\u00e7ues pour mettre votre produit en valeur<\/h1><\/div><\/div><\/section>\n\n<section class=\"block-wrapper block-wrapper-cfb corporate block-wrapper-columns-icons boxed\"><div class=\"title-description-wrapper bg-wrapper\"><div class=\"container\"><h2 class=\"block-title\">Tout ce dont vous avez besoin, avec un seul fournisseur PLV<\/h2><div class=\"block-description\"><p>Centraliser l\u2019ensemble du processus aupr\u00e8s d\u2019un seul fournisseur rend votre projet PLV plus agile, fiable et efficace, sans interm\u00e9diaires et avec un contr\u00f4le total \u00e0 chaque \u00e9tape.<\/p>\n<\/div><\/div><\/div><div class=\"columns-wrapper\"><div class=\"container\"><div class=\"row items-slider js-slick-mobile\" data-slides-mobile=\"1\" data-slides-tablet=\"col-md-6\"><div class=\"column-item col-md-6 col-lg-4\"><div class=\"block-article\"><div class=\"title-subtitle order-2\"><h3 class=\"title\">Interlocuteur unique, sans interm\u00e9diaires<\/h3><\/div><div class=\"image-wrapper order-1\"><img decoding=\"async\" src=\"https:\/\/www.mainsa.com\/wp-content\/uploads\/2026\/01\/sin-intermediarios.svg\" alt=\"Sin Intermediarios\" class=\"img-fluid\" ><\/div><\/div><\/div><div class=\"column-item col-md-6 col-lg-4\"><div class=\"block-article\"><div class=\"title-subtitle order-2\"><h3 class=\"title\">Production \u00e0 toutes les \u00e9chelles<\/h3><\/div><div class=\"image-wrapper order-1\"><img decoding=\"async\" src=\"https:\/\/www.mainsa.com\/wp-content\/uploads\/2026\/01\/escala.svg\" alt=\"Escala\" class=\"img-fluid\" ><\/div><\/div><\/div><div class=\"column-item col-md-6 col-lg-4\"><div class=\"block-article\"><div class=\"title-subtitle order-2\"><h3 class=\"title\">Livraison quand vous en avez besoin<\/h3><\/div><div class=\"image-wrapper order-1\"><img decoding=\"async\" src=\"https:\/\/www.mainsa.com\/wp-content\/uploads\/2026\/01\/reloj.svg\" alt=\"Reloj\" class=\"img-fluid\" ><\/div><\/div><\/div><\/div><\/div><\/div><\/section>\n\n<section class=\"block-wrapper block-wrapper-cfb corporate block-wrapper-procesos bg-image\"><div class=\"title-description-wrapper bg-wrapper background-as-attr\" data-image-src=\"https:\/\/www.mainsa.com\/wp-content\/uploads\/2026\/01\/procesos-bg-1.jpg\"><div class=\"container\"><h2 class=\"block-title\">Du concept au point de vente<\/h2><div class=\"block-description\"><p>Lorsque la conception, la production et l\u2019installation avancent de mani\u00e8re coordonn\u00e9e,<br \/>\nvotre campagne conserve l\u2019id\u00e9e originale et fonctionne sur le point de vente exactement comme vous l\u2019aviez imagin\u00e9e.<\/p>\n<\/div><\/div><\/div><div class=\"columns-wrapper\"><div class=\"container\"><div class=\"grid-items cols-6\"><div class=\"item-wrapper\"><div class=\"block-article\"><div class=\"title-description order-2\"><h3 class=\"title\">Conception structurelle PLV<\/h3><\/div><div class=\"image-wrapper order-1\"><img decoding=\"async\" src=\"https:\/\/www.mainsa.com\/wp-content\/uploads\/2026\/01\/diseno.svg\" alt=\"Dise\u00f1o\" class=\"img-fluid\" ><\/div><\/div><\/div><div class=\"item-wrapper\"><div class=\"block-article\"><div class=\"title-description order-2\"><h3 class=\"title\">Prototypage et maquettes<\/h3><\/div><div class=\"image-wrapper order-1\"><img decoding=\"async\" src=\"https:\/\/www.mainsa.com\/wp-content\/uploads\/2026\/01\/protoripado.svg\" alt=\"Prototipado\" class=\"img-fluid\" ><\/div><\/div><\/div><div class=\"item-wrapper\"><div class=\"block-article\"><div class=\"title-description order-2\"><h3 class=\"title\">Impression grand format<\/h3><\/div><div class=\"image-wrapper order-1\"><img decoding=\"async\" src=\"https:\/\/www.mainsa.com\/wp-content\/uploads\/2026\/01\/impresion.svg\" alt=\"Impresi\u00f3n\" class=\"img-fluid\" ><\/div><\/div><\/div><div class=\"item-wrapper\"><div class=\"block-article\"><div class=\"title-description order-2\"><h3 class=\"title\">D\u00e9coupe et finitions<\/h3><\/div><div class=\"image-wrapper order-1\"><img decoding=\"async\" src=\"https:\/\/www.mainsa.com\/wp-content\/uploads\/2026\/01\/troquelado.svg\" alt=\"Troquelado\" class=\"img-fluid\" ><\/div><\/div><\/div><div class=\"item-wrapper\"><div class=\"block-article\"><div class=\"title-description order-2\"><h3 class=\"title\">Montage et installation<\/h3><\/div><div class=\"image-wrapper order-1\"><img decoding=\"async\" src=\"https:\/\/www.mainsa.com\/wp-content\/uploads\/2026\/01\/montaje_e_instlacion.svg\" alt=\"Montaje e instalaci\u00f3n\" class=\"img-fluid\" ><\/div><\/div><\/div><div class=\"item-wrapper\"><div class=\"block-article\"><div class=\"title-description order-2\"><h3 class=\"title\">PLV durable<\/h3><\/div><div class=\"image-wrapper order-1\"><img decoding=\"async\" src=\"https:\/\/www.mainsa.com\/wp-content\/uploads\/2026\/01\/plv_sostenible.svg\" alt=\"PLV Sostenible\" class=\"img-fluid\" ><\/div><\/div><\/div><\/div><\/div><\/div><\/section>\n\n<section class=\"block-wrapper block-wrapper-cfb corporate block-wrapper-cpt-list list-slider title-position-detail\"><div class=\"container\"><div class=\"block-in-wrapper\"><h2 class=\"block-title\">Des solutions PLV qui cr\u00e9ent de l\u2019impact<\/h2><div class=\"block-description\"><p>D\u00e9couvrez nos formats les plus demand\u00e9s et comment ils peuvent mettre votre marque en valeur<\/p>\n<\/div><div class=\"cpt-list-wrapper\"><div class=\"cpt-slider js-cpt-slider\"><div class=\"cpt-slide\"><article class=\"cpt-card\"><a href=\"https:\/\/www.mainsa.com\/fr\/solutions\/conception-fabrication-integrales\/\" class=\"cpt-card-link\" title=\"Ver m\u00e1s sobre Conception et fabrication int\u00e9grale d&rsquo;\u00e9l\u00e9ments PLV\"><div class=\"cpt-card-media\"><img loading=\"lazy\" decoding=\"async\" width=\"420\" height=\"473\" src=\"https:\/\/www.mainsa.com\/wp-content\/uploads\/2026\/01\/soluciones_integral.jpg\" class=\"img-fluid wp-post-image\" alt=\"Soluciones integrales\" \/><\/div><div class=\"cpt-card-body\"><div class=\"title-wrapper\"><h3 class=\"cpt-card-title\">Conception et fabrication int\u00e9grale d&rsquo;\u00e9l\u00e9ments PLV<\/h3><\/div><div class=\"link\"><span class=\"btn btn-sm btn-primary\"><\/span><\/div><\/div><\/a><\/article><\/div><div class=\"cpt-slide\"><article class=\"cpt-card\"><a href=\"https:\/\/www.mainsa.com\/fr\/solutions\/agences-publicite\/\" class=\"cpt-card-link\" title=\"Ver m\u00e1s sobre Solutions PLV pour les agences de publicit\u00e9\"><div class=\"cpt-card-media\"><img loading=\"lazy\" decoding=\"async\" width=\"420\" height=\"473\" src=\"https:\/\/www.mainsa.com\/wp-content\/uploads\/2026\/01\/soluciones_agencias.jpg\" class=\"img-fluid wp-post-image\" alt=\"Soluciones agencias\" \/><\/div><div class=\"cpt-card-body\"><div class=\"title-wrapper\"><h3 class=\"cpt-card-title\">Solutions PLV pour les agences de publicit\u00e9<\/h3><\/div><div class=\"link\"><span class=\"btn btn-sm btn-primary\"><\/span><\/div><\/div><\/a><\/article><\/div><div class=\"cpt-slide\"><article class=\"cpt-card\"><a href=\"https:\/\/www.mainsa.com\/fr\/solutions\/centres-logistiques\/\" class=\"cpt-card-link\" title=\"Ver m\u00e1s sobre Solutions PLV pour centres logistiques\"><div class=\"cpt-card-media\"><img loading=\"lazy\" decoding=\"async\" width=\"420\" height=\"473\" src=\"https:\/\/www.mainsa.com\/wp-content\/uploads\/2026\/01\/soluciones_logistica.jpg\" class=\"img-fluid wp-post-image\" alt=\"Soluciones logistica\" \/><\/div><div class=\"cpt-card-body\"><div class=\"title-wrapper\"><h3 class=\"cpt-card-title\">Solutions PLV pour centres logistiques<\/h3><\/div><div class=\"link\"><span class=\"btn btn-sm btn-primary\"><\/span><\/div><\/div><\/a><\/article><\/div><div class=\"cpt-slide\"><article class=\"cpt-card\"><a href=\"https:\/\/www.mainsa.com\/fr\/solutions\/points-vente\/\" class=\"cpt-card-link\" title=\"Ver m\u00e1s sobre Solutions PLV pour points de vente\"><div class=\"cpt-card-media\"><img loading=\"lazy\" decoding=\"async\" width=\"420\" height=\"473\" src=\"https:\/\/www.mainsa.com\/wp-content\/uploads\/2026\/01\/soluciones_punto_venta.jpg\" class=\"img-fluid wp-post-image\" alt=\"Soluciones punto de venta\" \/><\/div><div class=\"cpt-card-body\"><div class=\"title-wrapper\"><h3 class=\"cpt-card-title\">Solutions PLV pour points de vente<\/h3><\/div><div class=\"link\"><span class=\"btn btn-sm btn-primary\"><\/span><\/div><\/div><\/a><\/article><\/div><div class=\"cpt-slide\"><article class=\"cpt-card\"><a href=\"https:\/\/www.mainsa.com\/fr\/solutions\/reseaux-sociaux\/\" class=\"cpt-card-link\" title=\"Ver m\u00e1s sobre Solutions PLV pour les r\u00e9seaux sociaux\"><div class=\"cpt-card-media\"><img loading=\"lazy\" decoding=\"async\" width=\"368\" height=\"367\" src=\"https:\/\/www.mainsa.com\/wp-content\/uploads\/2026\/01\/solucion-rrss.jpg\" class=\"img-fluid wp-post-image\" alt=\"Soluciones para Redes Sociales\" srcset=\"https:\/\/www.mainsa.com\/wp-content\/uploads\/2026\/01\/solucion-rrss.jpg 368w, https:\/\/www.mainsa.com\/wp-content\/uploads\/2026\/01\/solucion-rrss-150x150.jpg 150w\" sizes=\"auto, (max-width: 368px) 100vw, 368px\" \/><\/div><div class=\"cpt-card-body\"><div class=\"title-wrapper\"><h3 class=\"cpt-card-title\">Solutions PLV pour les r\u00e9seaux sociaux<\/h3><\/div><div class=\"link\"><span class=\"btn btn-sm btn-primary\"><\/span><\/div><\/div><\/a><\/article><\/div><\/div><\/div><\/div><\/div><\/section>\n\n<section class=\"block-wrapper block-wrapper-cfb corporate block-wrapper-columns-icons columns-and-link\"><div class=\"title-description-wrapper bg-wrapper\"><div class=\"container\"><h2 class=\"block-title\">Publicit\u00e9 sur le lieu de vente adapt\u00e9e \u00e0 votre secteur<\/h2><div class=\"block-description\"><p>Le contexte de vente change selon le secteur. C\u2019est pourquoi nos solutions PLV s\u2019adaptent \u00e0 votre industrie, \u00e0 votre produit et \u00e0 votre environnement commercial.<\/p>\n<\/div><\/div><\/div><div class=\"columns-wrapper\"><div class=\"container\"><div class=\"row items-slider js-slick-mobile\" data-slides-mobile=\"1\" data-slides-tablet=\"col-md-4\"><div class=\"column-item col-md-4 col-lg-2\"><div class=\"block-article\"><a class=\"d-flex flex-column\" href=\"\/fr\/secteurs\/salons-et-evenements\/\" title=\"Salons et \u00e9v\u00e9nements\"><div class=\"title-subtitle order-2\"><h3 class=\"title\">Salons et \u00e9v\u00e9nements<\/h3><\/div><div class=\"image-wrapper order-1\"><img decoding=\"async\" src=\"https:\/\/www.mainsa.com\/wp-content\/uploads\/2026\/01\/ferias.svg\" alt=\"Ferias y eventos\" class=\"img-fluid\" ><\/div><\/a><\/div><\/div><div class=\"column-item col-md-4 col-lg-2\"><div class=\"block-article\"><a class=\"d-flex flex-column\" href=\"\/fr\/secteurs\/grande-consommation-et-commerce-de-detail\/\" title=\"Grande consommation et retail\"><div class=\"title-subtitle order-2\"><h3 class=\"title\">Grande consommation et retail<\/h3><\/div><div class=\"image-wrapper order-1\"><img decoding=\"async\" src=\"https:\/\/www.mainsa.com\/wp-content\/uploads\/2026\/01\/gran_consumo.svg\" alt=\"Gran consumo\" class=\"img-fluid\" ><\/div><\/a><\/div><\/div><div class=\"column-item col-md-4 col-lg-2\"><div class=\"block-article\"><a class=\"d-flex flex-column\" href=\"\/fr\/secteurs\/automobile\/\" title=\"Automobile\"><div class=\"title-subtitle order-2\"><h3 class=\"title\">Automobile<\/h3><\/div><div class=\"image-wrapper order-1\"><img decoding=\"async\" src=\"https:\/\/www.mainsa.com\/wp-content\/uploads\/2026\/01\/automocion.svg\" alt=\"Automoci\u00f3n\" class=\"img-fluid\" ><\/div><\/a><\/div><\/div><div class=\"column-item col-md-4 col-lg-2\"><div class=\"block-article\"><a class=\"d-flex flex-column\" href=\"\/fr\/secteurs\/industrie\/\" title=\"Industrie\"><div class=\"title-subtitle order-2\"><h3 class=\"title\">Industrie<\/h3><\/div><div class=\"image-wrapper order-1\"><img decoding=\"async\" src=\"https:\/\/www.mainsa.com\/wp-content\/uploads\/2026\/01\/industria.svg\" alt=\"Industria\" class=\"img-fluid\" ><\/div><\/a><\/div><\/div><div class=\"column-item col-md-4 col-lg-2\"><div class=\"block-article\"><a class=\"d-flex flex-column\" href=\"\/fr\/secteurs\/industrie-pharmaceutique\/\" title=\"Pharmacie\"><div class=\"title-subtitle order-2\"><h3 class=\"title\">Pharmacie<\/h3><\/div><div class=\"image-wrapper order-1\"><img decoding=\"async\" src=\"https:\/\/www.mainsa.com\/wp-content\/uploads\/2026\/01\/farmacia.svg\" alt=\"Farmacia\" class=\"img-fluid\" ><\/div><\/a><\/div><\/div><div class=\"column-item col-md-4 col-lg-2\"><div class=\"block-article\"><a class=\"d-flex flex-column\" href=\"\/fr\/secteurs\/cosmetiques\/\" title=\"Cosm\u00e9tique\"><div class=\"title-subtitle order-2\"><h3 class=\"title\">Cosm\u00e9tique<\/h3><\/div><div class=\"image-wrapper order-1\"><img decoding=\"async\" src=\"https:\/\/www.mainsa.com\/wp-content\/uploads\/2026\/01\/cosmetica.svg\" alt=\"Cosm\u00e9tica\" class=\"img-fluid\" ><\/div><\/a><\/div><\/div><div class=\"column-item col-md-4 col-lg-2\"><div class=\"block-article\"><a class=\"d-flex flex-column\" href=\"\/fr\/secteurs\/optiques\/\" title=\"Optique\"><div class=\"title-subtitle order-2\"><h3 class=\"title\">Optique<\/h3><\/div><div class=\"image-wrapper order-1\"><img decoding=\"async\" src=\"https:\/\/www.mainsa.com\/wp-content\/uploads\/2026\/01\/optica.svg\" alt=\"Optica\" class=\"img-fluid\" ><\/div><\/a><\/div><\/div><div class=\"column-item col-md-4 col-lg-2\"><div class=\"block-article\"><a class=\"d-flex flex-column\" href=\"\/fr\/secteurs\/jouets\/\" title=\"Jouets\"><div class=\"title-subtitle order-2\"><h3 class=\"title\">Jouets<\/h3><\/div><div class=\"image-wrapper order-1\"><img decoding=\"async\" src=\"https:\/\/www.mainsa.com\/wp-content\/uploads\/2026\/01\/juguetero.svg\" alt=\"Jueguetes\" class=\"img-fluid\" ><\/div><\/a><\/div><\/div><div class=\"column-item col-md-4 col-lg-2\"><div class=\"block-article\"><a class=\"d-flex flex-column\" href=\"\/fr\/secteurs\/editoriaux\/\" title=\"\u00c9diteurs\"><div class=\"title-subtitle order-2\"><h3 class=\"title\">\u00c9diteurs<\/h3><\/div><div class=\"image-wrapper order-1\"><img decoding=\"async\" src=\"https:\/\/www.mainsa.com\/wp-content\/uploads\/2026\/01\/editoriales.svg\" alt=\"Editoriales\" class=\"img-fluid\" ><\/div><\/a><\/div><\/div><div class=\"column-item col-md-4 col-lg-2\"><div class=\"block-article\"><a class=\"d-flex flex-column\" href=\"\/fr\/secteurs\/climatisation\/\" title=\"Climatisation\"><div class=\"title-subtitle order-2\"><h3 class=\"title\">Climatisation<\/h3><\/div><div class=\"image-wrapper order-1\"><img decoding=\"async\" src=\"https:\/\/www.mainsa.com\/wp-content\/uploads\/2026\/01\/climatizacion.svg\" alt=\"Climatizaci\u00f3n\" class=\"img-fluid\" ><\/div><\/a><\/div><\/div><div class=\"column-item col-md-4 col-lg-2\"><div class=\"block-article\"><a class=\"d-flex flex-column\" href=\"\/fr\/secteurs\/animaux-domestiques\/\" title=\"Animaux de compagnie\"><div class=\"title-subtitle order-2\"><h3 class=\"title\">Animaux de compagnie<\/h3><\/div><div class=\"image-wrapper order-1\"><img decoding=\"async\" src=\"https:\/\/www.mainsa.com\/wp-content\/uploads\/2026\/01\/mascotas.svg\" alt=\"Mascotas\" class=\"img-fluid\" ><\/div><\/a><\/div><\/div><\/div><\/div><\/div><\/section>\n\n<section class=\"block-wrapper block-wrapper-cfb corporate block-wrapper-slider-images\"><div class=\"container\"><div class=\"block-in-wrapper\"><h2 class=\"block-title\">Des histoires qui se transforment en ventes<\/h2><div class=\"block-description\"><p>Des projets PLV r\u00e9els qui montrent ce que nous pouvons accomplir ensemble.<\/p>\n<\/div><div class=\"container slider-wrapper\"><div class=\"slide\"><div class=\"image-wrapper\"><img decoding=\"async\" src=\"https:\/\/www.mainsa.com\/wp-content\/uploads\/2026\/02\/slider1.jpg\" alt=\"\u00c9l\u00e9ment PLV\"><\/div><p class=\"image-title\">\u00c9l\u00e9ment PLV<\/p><\/div><div class=\"slide\"><div class=\"image-wrapper\"><img decoding=\"async\" src=\"https:\/\/www.mainsa.com\/wp-content\/uploads\/2026\/02\/slider2.jpg\" alt=\"\u00c9l\u00e9ment PLV\"><\/div><p class=\"image-title\">\u00c9l\u00e9ment PLV<\/p><\/div><div class=\"slide\"><div class=\"image-wrapper\"><img decoding=\"async\" src=\"https:\/\/www.mainsa.com\/wp-content\/uploads\/2026\/02\/slider3.jpg\" alt=\"\u00c9l\u00e9ment PLV\"><\/div><p class=\"image-title\">\u00c9l\u00e9ment PLV<\/p><\/div><div class=\"slide\"><div class=\"image-wrapper\"><img decoding=\"async\" src=\"https:\/\/www.mainsa.com\/wp-content\/uploads\/2026\/02\/slider4.jpg\" alt=\"\u00c9l\u00e9ment PLV\"><\/div><p class=\"image-title\">\u00c9l\u00e9ment PLV<\/p><\/div><div class=\"slide\"><div class=\"image-wrapper\"><img decoding=\"async\" src=\"https:\/\/www.mainsa.com\/wp-content\/uploads\/2026\/02\/slider5.jpg\" alt=\"Coffret cadeau\"><\/div><p class=\"image-title\">Coffret cadeau<\/p><\/div><\/div><div class=\"control-slider-wrapper\"><button type=\"button\" class=\"prev-slide slick-arrow\"><span class=\"sr-only\">Prev slider<\/span><i class=\"fas fa-arrow-left\"><\/i><\/button><div class=\"slick-dots-wrapper\" role=\"tablist\"><\/div><button type=\"button\" class=\"next-slide slick-arrow\"><span class=\"sr-only\">Next slider<\/span><i class=\"fas fa-arrow-right\"><\/i><\/button><\/div><div class=\"block-cta-wrapper\"><a class=\"btn btn-primary\" href=\"\/fr\/cas-dusage\/\" title=\"Cas d\u2019usage\">Cas d\u2019usage<\/a><\/div><\/div><\/div><\/section>\n\n<section class=\"block-wrapper block-wrapper-cfb corporate block-wrapper-banner background-as-attr \" data-image-src=\"https:\/\/www.mainsa.com\/wp-content\/uploads\/2026\/01\/banner_home.jpg\"><div class=\"container\"><div class=\"block-in-wrapper\"><div class=\"row justify-content-center g-0\"><div class=\"col-12\"><div class=\"content-wrapper\"><div class=\"text-wrapper\"><h2 class=\"block-title\">Pr\u00eat \u00e0 faire passer votre marque au niveau sup\u00e9rieur ?<\/h2><div class=\"block-description\"><p>Parlez-nous de votre id\u00e9e et nous vous enverrons une proposition<\/p>\n<\/div><\/div><div class=\"block-cta-wrapper\"><a class=\"btn modal-launcher btn-primary\" title=\"Contactez-nous\" data-type=\"modal\" data-rel=\"1506\" data-size=\"md\">Contactez-nous<\/a><\/div><\/div><\/div><\/div><\/div><\/div><\/section>\n\n\n<p><\/p>\n","protected":false},"excerpt":{"rendered":"","protected":false},"author":3,"featured_media":0,"parent":0,"menu_order":0,"comment_status":"closed","ping_status":"closed","template":"","meta":{"_acf_changed":false,"_genesis_hide_title":true,"_genesis_hide_breadcrumbs":false,"_genesis_hide_singular_image":false,"_genesis_hide_footer_widgets":false,"_genesis_custom_body_class":"","_genesis_custom_post_class":"","_genesis_layout":"","footnotes":""},"class_list":{"0":"post-1065","1":"page","2":"type-page","3":"status-publish","5":"entry"},"acf":[],"_links":{"self":[{"href":"https:\/\/www.mainsa.com\/fr\/wp-json\/wp\/v2\/pages\/1065","targetHints":{"allow":["GET"]}}],"collection":[{"href":"https:\/\/www.mainsa.com\/fr\/wp-json\/wp\/v2\/pages"}],"about":[{"href":"https:\/\/www.mainsa.com\/fr\/wp-json\/wp\/v2\/types\/page"}],"author":[{"embeddable":true,"href":"https:\/\/www.mainsa.com\/fr\/wp-json\/wp\/v2\/users\/3"}],"replies":[{"embeddable":true,"href":"https:\/\/www.mainsa.com\/fr\/wp-json\/wp\/v2\/comments?post=1065"}],"version-history":[{"count":0,"href":"https:\/\/www.mainsa.com\/fr\/wp-json\/wp\/v2\/pages\/1065\/revisions"}],"wp:attachment":[{"href":"https:\/\/www.mainsa.com\/fr\/wp-json\/wp\/v2\/media?parent=1065"}],"curies":[{"name":"wp","href":"https:\/\/api.w.org\/{rel}","templated":true}]}}