{"id":1141,"date":"2026-01-20T11:26:02","date_gmt":"2026-01-20T10:26:02","guid":{"rendered":"https:\/\/www.mainsa.com\/quienes-somos\/"},"modified":"2026-02-20T20:42:36","modified_gmt":"2026-02-20T19:42:36","slug":"qui-sommes-nous","status":"publish","type":"page","link":"https:\/\/www.mainsa.com\/fr\/qui-sommes-nous\/","title":{"rendered":"Entreprise"},"content":{"rendered":"<section class=\"block-wrapper block-wrapper-cfb corporate block-wrapper-header background-as-attr bg-norepeat\" data-image-src=\"https:\/\/www.mainsa.com\/wp-content\/uploads\/2026\/01\/nosotros-hero.jpg\"><div class=\"container\"><div class=\"block-in-wrapper\"><h1 class=\"block-title\">Experts en PLV et communication sur le lieu de vente<\/h1><\/div><\/div><\/section>\n\n<section class=\"block-wrapper block-wrapper-cfb corporate block-wrapper-columns-icons boxed\"><div class=\"title-description-wrapper bg-wrapper\"><div class=\"container\"><h2 class=\"block-title\">Tout ce dont vous avez besoin, avec un seul fournisseur<\/h2><div class=\"block-description\"><p>Chez Mainsa, nous centralisons l\u2019ensemble du processus pour rendre votre projet PLV plus agile, fiable et efficace, sans interm\u00e9diaires et avec un contr\u00f4le qualit\u00e9 total.<\/p>\n<\/div><\/div><\/div><div class=\"columns-wrapper\"><div class=\"container\"><div class=\"row items-slider js-slick-mobile\" data-slides-mobile=\"1\" data-slides-tablet=\"col-md-4\"><div class=\"column-item col-md-4 col-lg-4\"><div class=\"block-article\"><div class=\"title-subtitle order-2\"><h3 class=\"title\">Interlocuteur unique<\/h3><\/div><div class=\"image-wrapper order-1\"><img decoding=\"async\" src=\"https:\/\/www.mainsa.com\/wp-content\/uploads\/2026\/01\/sin-intermediarios.svg\" alt=\"Sin Intermediarios\" class=\"img-fluid\" ><\/div><\/div><\/div><div class=\"column-item col-md-4 col-lg-4\"><div class=\"block-article\"><div class=\"title-subtitle order-2\"><h3 class=\"title\">Production \u00e0 toute \u00e9chelle<\/h3><\/div><div class=\"image-wrapper order-1\"><img decoding=\"async\" src=\"https:\/\/www.mainsa.com\/wp-content\/uploads\/2026\/01\/escala.svg\" alt=\"Escala\" class=\"img-fluid\" ><\/div><\/div><\/div><div class=\"column-item col-md-4 col-lg-4\"><div class=\"block-article\"><div class=\"title-subtitle order-2\"><h3 class=\"title\">Nous livrons quand vous en avez besoin<\/h3><\/div><div class=\"image-wrapper order-1\"><img decoding=\"async\" src=\"https:\/\/www.mainsa.com\/wp-content\/uploads\/2026\/01\/reloj.svg\" alt=\"Reloj\" class=\"img-fluid\" ><\/div><\/div><\/div><\/div><\/div><\/div><\/section>\n\n<section class=\"block-wrapper block-wrapper-cfb corporate block-wrapper-image-content no-bg image-right\" data-image-src=\"\"><div class=\"container\"><div class=\"block-in-wrapper\"><div class=\"row justify-content-center g-0\"><div class=\"block-text-wrapper col-lg-6\"><h2 class=\"block-title\">Ce qui nous rend diff\u00e9rents<\/h2><div class=\"block-description\"><p>Chaque projet est con\u00e7u de z\u00e9ro pour s\u2019adapter au contexte r\u00e9el du client.<br \/>\nNotre valeur ajout\u00e9e r\u00e9side dans le contr\u00f4le total du processus, la flexibilit\u00e9 de production et la capacit\u00e9 de travailler avec tout mat\u00e9riau, format ou volume.<\/p>\n<ul>\n<li>Fabrication int\u00e9grale sans interm\u00e9diaires.<\/li>\n<li>Solutions PLV sur mesure.<\/li>\n<li>Flexibilit\u00e9 face aux changements et aux d\u00e9lais serr\u00e9s.<\/li>\n<li>Contr\u00f4le qualit\u00e9 \u00e0 toutes les \u00e9tapes.<\/li>\n<li>Approche pragmatique et orient\u00e9e r\u00e9sultats.<\/li>\n<\/ul>\n<\/div><\/div><div class=\"block-image-wrapper col-lg-6\"><div class=\"image-text\"><img decoding=\"async\" src=\"https:\/\/www.mainsa.com\/wp-content\/uploads\/2026\/01\/eficiencia.jpg\" alt=\"\" class=\"img-fluid\" ><div class=\"block-text-image\"><p>Qualit\u00e9 et efficacit\u00e9<\/p><\/div><\/div><\/div><\/div><\/div><\/div><\/section>\n\n<section class=\"block-wrapper block-wrapper-cfb corporate block-wrapper-image-content no-bg image-left\" data-image-src=\"\"><div class=\"container\"><div class=\"block-in-wrapper\"><div class=\"row justify-content-center g-0\"><div class=\"block-text-wrapper col-lg-6\"><h2 class=\"block-title\">Polyvalence des mat\u00e9riaux et des formats<\/h2><div class=\"block-description\"><ul>\n<li>Carton<\/li>\n<li>M\u00e9tal<\/li>\n<li>Bois<\/li>\n<li>Mat\u00e9riaux mixtes<\/li>\n<li>Grand format<\/li>\n<li>Solutions sp\u00e9ciales sur mesure<\/li>\n<\/ul>\n<\/div><\/div><div class=\"block-image-wrapper col-lg-6\"><div class=\"image-text\"><img decoding=\"async\" src=\"https:\/\/www.mainsa.com\/wp-content\/uploads\/2026\/01\/fiable.jpg\" alt=\"\" class=\"img-fluid\" ><div class=\"block-text-image\"><p>Solutions fiables<\/p><\/div><\/div><\/div><\/div><\/div><\/div><\/section>\n\n<section class=\"block-wrapper block-wrapper-cfb corporate block-wrapper-columns-icons columns-and-link\"><div class=\"title-description-wrapper bg-wrapper\"><div class=\"container\"><h2 class=\"block-title\">Une exp\u00e9rience dans de nombreux secteurs<\/h2><div class=\"block-description\"><p>Le contexte de vente change selon le secteur. C\u2019est pourquoi nos solutions PLV s\u2019adaptent \u00e0 votre industrie, \u00e0 votre produit et \u00e0 votre environnement commercial.<\/p>\n<\/div><\/div><\/div><div class=\"columns-wrapper\"><div class=\"container\"><div class=\"row items-slider js-slick-mobile\" data-slides-mobile=\"1\" data-slides-tablet=\"col-md-4\"><div class=\"column-item col-md-4 col-lg-2\"><div class=\"block-article\"><a class=\"d-flex flex-column\" href=\"\/fr\/secteurs\/salons-et-evenements\/\" title=\"Salons et \u00e9v\u00e9nements\"><div class=\"title-subtitle order-2\"><h3 class=\"title\">Salons et \u00e9v\u00e9nements<\/h3><\/div><div class=\"image-wrapper order-1\"><img decoding=\"async\" src=\"https:\/\/www.mainsa.com\/wp-content\/uploads\/2026\/01\/ferias.svg\" alt=\"Ferias y eventos\" class=\"img-fluid\" ><\/div><\/a><\/div><\/div><div class=\"column-item col-md-4 col-lg-2\"><div class=\"block-article\"><a class=\"d-flex flex-column\" href=\"\/fr\/secteurs\/grande-consommation-et-commerce-de-detail\/\" title=\"Grande consommation et retail\"><div class=\"title-subtitle order-2\"><h3 class=\"title\">Grande consommation et retail<\/h3><\/div><div class=\"image-wrapper order-1\"><img decoding=\"async\" src=\"https:\/\/www.mainsa.com\/wp-content\/uploads\/2026\/01\/gran_consumo.svg\" alt=\"Gran consumo\" class=\"img-fluid\" ><\/div><\/a><\/div><\/div><div class=\"column-item col-md-4 col-lg-2\"><div class=\"block-article\"><a class=\"d-flex flex-column\" href=\"\/fr\/secteurs\/automobile\/\" title=\"Automobile\"><div class=\"title-subtitle order-2\"><h3 class=\"title\">Automobile<\/h3><\/div><div class=\"image-wrapper order-1\"><img decoding=\"async\" src=\"https:\/\/www.mainsa.com\/wp-content\/uploads\/2026\/01\/automocion.svg\" alt=\"Automoci\u00f3n\" class=\"img-fluid\" ><\/div><\/a><\/div><\/div><div class=\"column-item col-md-4 col-lg-2\"><div class=\"block-article\"><a class=\"d-flex flex-column\" href=\"\/fr\/secteurs\/industrie\/\" title=\"Industrie\"><div class=\"title-subtitle order-2\"><h3 class=\"title\">Industrie<\/h3><\/div><div class=\"image-wrapper order-1\"><img decoding=\"async\" src=\"https:\/\/www.mainsa.com\/wp-content\/uploads\/2026\/01\/industria.svg\" alt=\"Industria\" class=\"img-fluid\" ><\/div><\/a><\/div><\/div><div class=\"column-item col-md-4 col-lg-2\"><div class=\"block-article\"><a class=\"d-flex flex-column\" href=\"\/fr\/secteurs\/industrie-pharmaceutique\/\" title=\"Pharmacie\"><div class=\"title-subtitle order-2\"><h3 class=\"title\">Pharmacie<\/h3><\/div><div class=\"image-wrapper order-1\"><img decoding=\"async\" src=\"https:\/\/www.mainsa.com\/wp-content\/uploads\/2026\/01\/farmacia.svg\" alt=\"Farmacia\" class=\"img-fluid\" ><\/div><\/a><\/div><\/div><div class=\"column-item col-md-4 col-lg-2\"><div class=\"block-article\"><a class=\"d-flex flex-column\" href=\"\/fr\/secteurs\/cosmetiques\/\" title=\"Cosm\u00e9tique\"><div class=\"title-subtitle order-2\"><h3 class=\"title\">Cosm\u00e9tique<\/h3><\/div><div class=\"image-wrapper order-1\"><img decoding=\"async\" src=\"https:\/\/www.mainsa.com\/wp-content\/uploads\/2026\/01\/cosmetica.svg\" alt=\"Cosm\u00e9tica\" class=\"img-fluid\" ><\/div><\/a><\/div><\/div><div class=\"column-item col-md-4 col-lg-2\"><div class=\"block-article\"><a class=\"d-flex flex-column\" href=\"\/fr\/secteurs\/optiques\/\" title=\"Optique\"><div class=\"title-subtitle order-2\"><h3 class=\"title\">Optique<\/h3><\/div><div class=\"image-wrapper order-1\"><img decoding=\"async\" src=\"https:\/\/www.mainsa.com\/wp-content\/uploads\/2026\/01\/optica.svg\" alt=\"Optica\" class=\"img-fluid\" ><\/div><\/a><\/div><\/div><div class=\"column-item col-md-4 col-lg-2\"><div class=\"block-article\"><a class=\"d-flex flex-column\" href=\"\/fr\/secteurs\/jouets\/\" title=\"Jouets\"><div class=\"title-subtitle order-2\"><h3 class=\"title\">Jouets<\/h3><\/div><div class=\"image-wrapper order-1\"><img decoding=\"async\" src=\"https:\/\/www.mainsa.com\/wp-content\/uploads\/2026\/01\/juguetero.svg\" alt=\"Jueguetes\" class=\"img-fluid\" ><\/div><\/a><\/div><\/div><div class=\"column-item col-md-4 col-lg-2\"><div class=\"block-article\"><a class=\"d-flex flex-column\" href=\"\/fr\/secteurs\/editoriaux\/\" title=\"\u00c9diteurs\"><div class=\"title-subtitle order-2\"><h3 class=\"title\">\u00c9diteurs<\/h3><\/div><div class=\"image-wrapper order-1\"><img decoding=\"async\" src=\"https:\/\/www.mainsa.com\/wp-content\/uploads\/2026\/01\/editoriales.svg\" alt=\"Editoriales\" class=\"img-fluid\" ><\/div><\/a><\/div><\/div><div class=\"column-item col-md-4 col-lg-2\"><div class=\"block-article\"><a class=\"d-flex flex-column\" href=\"\/fr\/secteurs\/climatisation\/\" title=\"Climatisation\"><div class=\"title-subtitle order-2\"><h3 class=\"title\">Climatisation<\/h3><\/div><div class=\"image-wrapper order-1\"><img decoding=\"async\" src=\"https:\/\/www.mainsa.com\/wp-content\/uploads\/2026\/01\/climatizacion.svg\" alt=\"Climatizaci\u00f3n\" class=\"img-fluid\" ><\/div><\/a><\/div><\/div><div class=\"column-item col-md-4 col-lg-2\"><div class=\"block-article\"><a class=\"d-flex flex-column\" href=\"\/fr\/secteurs\/animaux-domestiques\/\" title=\"Animaux de compagnie\"><div class=\"title-subtitle order-2\"><h3 class=\"title\">Animaux de compagnie<\/h3><\/div><div class=\"image-wrapper order-1\"><img decoding=\"async\" src=\"https:\/\/www.mainsa.com\/wp-content\/uploads\/2026\/01\/mascotas.svg\" alt=\"Mascotas\" class=\"img-fluid\" ><\/div><\/a><\/div><\/div><\/div><\/div><\/div><\/section>\n\n<section class=\"block-wrapper block-wrapper-cfb corporate block-wrapper-image-content no-bg image-right\" data-image-src=\"\"><div class=\"container\"><div class=\"block-in-wrapper\"><div class=\"row justify-content-center g-0\"><div class=\"block-text-wrapper col-lg-6\"><h2 class=\"block-title\">Plus qu\u2019un fournisseur, un partenaire strat\u00e9gique<\/h2><div class=\"block-description\"><p>Nous travaillons aux c\u00f4t\u00e9s des marques, des agences et des d\u00e9partements marketing comme un partenaire technique et productif.<\/p>\n<p>Nous nous int\u00e9grons \u00e0 chaque projet en apportant exp\u00e9rience, exigence et capacit\u00e9 d\u2019ex\u00e9cution, afin que le r\u00e9sultat final r\u00e9ponde aux objectifs commerciaux et de marque.<\/p>\n<\/div><\/div><div class=\"block-image-wrapper col-lg-6\"><div class=\"image-text\"><img decoding=\"async\" src=\"https:\/\/www.mainsa.com\/wp-content\/uploads\/2026\/01\/fiable-2.jpg\" alt=\"\" class=\"img-fluid\" ><div class=\"block-text-image\"><p>Solutions fiables<\/p><\/div><\/div><\/div><\/div><\/div><\/div><\/section>\n\n<section class=\"block-wrapper block-wrapper-cfb corporate block-wrapper-slider-certificates\"><div class=\"container\"><div class=\"block-in-wrapper\"><h2 class=\"block-title text-center text-md-center text-lg-center\">Nos certifications<\/h2><div class=\"row justify-content-center g-0\"><div class=\"col-12\"><div class=\"gur-block-gallery gur-block-gallery-slider has-slick-slider\" data-slick-show=\"4,2,1\" data-slick-scroll=\"4,2,1\" data-slick-infinite=\"true\" data-slick-arrows=\"true\"><div class=\"slick-item\"><div class=\"content-wrapper\"><a class=\"brand-link\" href=\"\/wp-content\/uploads\/2026\/02\/MAINSA-14001-ES.pdf\" target=\"_blank\" rel=\"noopener noreferrer\" aria-label=\"ISO14001\"><img loading=\"lazy\" decoding=\"async\" width=\"153\" height=\"150\" src=\"https:\/\/www.mainsa.com\/wp-content\/uploads\/2026\/01\/sgs-iso-14001-150.png\" class=\"img-fluid\" alt=\"sgs-iso-14001-150\" \/><\/a><\/div><\/div><div class=\"slick-item\"><div class=\"content-wrapper\"><a class=\"brand-link\" href=\"\/wp-content\/uploads\/2026\/02\/MAINSA-CertificadoFSC_AEN-COC-000391_2021-01-12.pdf\" target=\"_blank\" rel=\"noopener noreferrer\" aria-label=\"Certificat FSC\"><img loading=\"lazy\" decoding=\"async\" width=\"153\" height=\"150\" src=\"https:\/\/www.mainsa.com\/wp-content\/uploads\/2026\/01\/sgs-iso-14001-150-cert.png\" class=\"img-fluid\" alt=\"sgs-iso-14001-150-cert\" \/><\/a><\/div><\/div><div class=\"slick-item\"><div class=\"content-wrapper\"><img loading=\"lazy\" decoding=\"async\" width=\"153\" height=\"150\" src=\"https:\/\/www.mainsa.com\/wp-content\/uploads\/2026\/01\/sgs-iso-14001-150-1.png\" class=\"img-fluid\" alt=\"sgs-iso-14001-150 (1)\" \/><\/div><\/div><\/div><\/div><\/div><\/div><\/div><\/section>\n\n<section class=\"block-wrapper block-wrapper-cfb corporate block-wrapper-slider-images\"><div class=\"container\"><div class=\"block-in-wrapper\"><h2 class=\"block-title\">Des histoires qui se transforment en ventes<\/h2><div class=\"block-description\"><p>Des projets PLV r\u00e9els qui montrent ce que nous pouvons accomplir ensemble.<\/p>\n<\/div><div class=\"container slider-wrapper\"><div class=\"slide\"><div class=\"image-wrapper\"><img decoding=\"async\" src=\"https:\/\/www.mainsa.com\/wp-content\/uploads\/2026\/02\/slider1.jpg\" alt=\"\u00c9l\u00e9ment PLV\"><\/div><p class=\"image-title\">\u00c9l\u00e9ment PLV<\/p><\/div><div class=\"slide\"><div class=\"image-wrapper\"><img decoding=\"async\" src=\"https:\/\/www.mainsa.com\/wp-content\/uploads\/2026\/02\/slider2.jpg\" alt=\"\u00c9l\u00e9ment PLV\"><\/div><p class=\"image-title\">\u00c9l\u00e9ment PLV<\/p><\/div><div class=\"slide\"><div class=\"image-wrapper\"><img decoding=\"async\" src=\"https:\/\/www.mainsa.com\/wp-content\/uploads\/2026\/02\/slider3.jpg\" alt=\"\u00c9l\u00e9ment PLV\"><\/div><p class=\"image-title\">\u00c9l\u00e9ment PLV<\/p><\/div><div class=\"slide\"><div class=\"image-wrapper\"><img decoding=\"async\" src=\"https:\/\/www.mainsa.com\/wp-content\/uploads\/2026\/02\/slider4.jpg\" alt=\"\u00c9l\u00e9ment PLV\"><\/div><p class=\"image-title\">\u00c9l\u00e9ment PLV<\/p><\/div><div class=\"slide\"><div class=\"image-wrapper\"><img decoding=\"async\" src=\"https:\/\/www.mainsa.com\/wp-content\/uploads\/2026\/02\/slider5.jpg\" alt=\"Coffret cadeau\"><\/div><p class=\"image-title\">Coffret cadeau<\/p><\/div><\/div><div class=\"control-slider-wrapper\"><button type=\"button\" class=\"prev-slide slick-arrow\"><span class=\"sr-only\">Prev slider<\/span><i class=\"fas fa-arrow-left\"><\/i><\/button><div class=\"slick-dots-wrapper\" role=\"tablist\"><\/div><button type=\"button\" class=\"next-slide slick-arrow\"><span class=\"sr-only\">Next slider<\/span><i class=\"fas fa-arrow-right\"><\/i><\/button><\/div><div class=\"block-cta-wrapper\"><a class=\"btn btn-primary\" href=\"\/fr\/cas-dusage\/\" title=\"Cas d\u2019usage\">Cas d\u2019usage<\/a><\/div><\/div><\/div><\/section>\n\n<section class=\"block-wrapper block-wrapper-cfb corporate block-wrapper-banner background-as-attr \" data-image-src=\"https:\/\/www.mainsa.com\/wp-content\/uploads\/2026\/01\/banner-nosotros.jpg\"><div class=\"container\"><div class=\"block-in-wrapper\"><div class=\"row justify-content-center g-0\"><div class=\"col-12\"><div class=\"content-wrapper\"><div class=\"text-wrapper\"><h2 class=\"block-title\">On parle de votre prochain projet ?<\/h2><div class=\"block-description\"><p>Nous vous aidons \u00e0 concevoir et fabriquer la solution PLV qui correspond le mieux \u00e0 votre marque.<\/p>\n<\/div><\/div><div class=\"block-cta-wrapper\"><a class=\"btn modal-launcher btn-primary\" title=\"Contactez-nous\" data-type=\"modal\" data-rel=\"1506\" data-size=\"md\">Contactez-nous<\/a><\/div><\/div><\/div><\/div><\/div><\/div><\/section>","protected":false},"excerpt":{"rendered":"","protected":false},"author":3,"featured_media":0,"parent":0,"menu_order":0,"comment_status":"closed","ping_status":"closed","template":"","meta":{"_acf_changed":false,"_genesis_hide_title":true,"_genesis_hide_breadcrumbs":false,"_genesis_hide_singular_image":false,"_genesis_hide_footer_widgets":false,"_genesis_custom_body_class":"","_genesis_custom_post_class":"","_genesis_layout":"","footnotes":""},"class_list":{"0":"post-1141","1":"page","2":"type-page","3":"status-publish","5":"entry"},"acf":[],"_links":{"self":[{"href":"https:\/\/www.mainsa.com\/fr\/wp-json\/wp\/v2\/pages\/1141","targetHints":{"allow":["GET"]}}],"collection":[{"href":"https:\/\/www.mainsa.com\/fr\/wp-json\/wp\/v2\/pages"}],"about":[{"href":"https:\/\/www.mainsa.com\/fr\/wp-json\/wp\/v2\/types\/page"}],"author":[{"embeddable":true,"href":"https:\/\/www.mainsa.com\/fr\/wp-json\/wp\/v2\/users\/3"}],"replies":[{"embeddable":true,"href":"https:\/\/www.mainsa.com\/fr\/wp-json\/wp\/v2\/comments?post=1141"}],"version-history":[{"count":0,"href":"https:\/\/www.mainsa.com\/fr\/wp-json\/wp\/v2\/pages\/1141\/revisions"}],"wp:attachment":[{"href":"https:\/\/www.mainsa.com\/fr\/wp-json\/wp\/v2\/media?parent=1141"}],"curies":[{"name":"wp","href":"https:\/\/api.w.org\/{rel}","templated":true}]}}